{"id":1492,"date":"2021-09-01T14:01:47","date_gmt":"2021-09-01T12:01:47","guid":{"rendered":"https:\/\/verloskundigenpraktijk-astrea-venlo-blerick.nl\/?page_id=1492"},"modified":"2021-09-01T14:01:47","modified_gmt":"2021-09-01T12:01:47","slug":"bede-tata","status":"publish","type":"page","link":"https:\/\/verloskundigenpraktijk-astrea-venlo-blerick.nl\/pl\/ciaza\/bede-tata\/","title":{"rendered":"B\u0119d\u0119 tat\u0105"},"content":{"rendered":"","protected":false},"excerpt":{"rendered":"","protected":false},"author":5,"featured_media":0,"parent":1483,"menu_order":0,"comment_status":"closed","ping_status":"closed","template":"","meta":{"_acf_changed":false,"footnotes":""},"class_list":["post-1492","page","type-page","status-publish","hentry"],"acf":[],"yoast_head":"<!-- This site is optimized with the Yoast SEO plugin v24.4 - https:\/\/yoast.com\/wordpress\/plugins\/seo\/ -->\n<title>B\u0119d\u0119 tat\u0105 - Astrea<\/title>\n<meta name=\"robots\" content=\"index, follow, max-snippet:-1, max-image-preview:large, max-video-preview:-1\" \/>\n<link rel=\"canonical\" href=\"https:\/\/verloskundigenpraktijk-astrea-venlo-blerick.nl\/pl\/ciaza\/bede-tata\/\" \/>\n<meta property=\"og:locale\" content=\"pl_PL\" \/>\n<meta property=\"og:type\" content=\"article\" \/>\n<meta property=\"og:title\" content=\"B\u0119d\u0119 tat\u0105 - Astrea\" \/>\n<meta property=\"og:url\" content=\"https:\/\/verloskundigenpraktijk-astrea-venlo-blerick.nl\/pl\/ciaza\/bede-tata\/\" \/>\n<meta property=\"og:site_name\" content=\"Astrea\" \/>\n<meta name=\"twitter:card\" content=\"summary_large_image\" \/>\n<script type=\"application\/ld+json\" class=\"yoast-schema-graph\">{\"@context\":\"https:\/\/schema.org\",\"@graph\":[{\"@type\":\"WebPage\",\"@id\":\"https:\/\/verloskundigenpraktijk-astrea-venlo-blerick.nl\/pl\/ciaza\/bede-tata\/\",\"url\":\"https:\/\/verloskundigenpraktijk-astrea-venlo-blerick.nl\/pl\/ciaza\/bede-tata\/\",\"name\":\"B\u0119d\u0119 tat\u0105 - Astrea\",\"isPartOf\":{\"@id\":\"https:\/\/verloskundigenpraktijk-astrea-venlo-blerick.nl\/pl\/#website\"},\"datePublished\":\"2021-09-01T12:01:47+00:00\",\"breadcrumb\":{\"@id\":\"https:\/\/verloskundigenpraktijk-astrea-venlo-blerick.nl\/pl\/ciaza\/bede-tata\/#breadcrumb\"},\"inLanguage\":\"pl-PL\",\"potentialAction\":[{\"@type\":\"ReadAction\",\"target\":[\"https:\/\/verloskundigenpraktijk-astrea-venlo-blerick.nl\/pl\/ciaza\/bede-tata\/\"]}]},{\"@type\":\"BreadcrumbList\",\"@id\":\"https:\/\/verloskundigenpraktijk-astrea-venlo-blerick.nl\/pl\/ciaza\/bede-tata\/#breadcrumb\",\"itemListElement\":[{\"@type\":\"ListItem\",\"position\":1,\"name\":\"Home\",\"item\":\"https:\/\/verloskundigenpraktijk-astrea-venlo-blerick.nl\/pl\/\"},{\"@type\":\"ListItem\",\"position\":2,\"name\":\"Ci\u0105\u017ca\",\"item\":\"https:\/\/verloskundigenpraktijk-astrea-venlo-blerick.nl\/pl\/ciaza\/\"},{\"@type\":\"ListItem\",\"position\":3,\"name\":\"B\u0119d\u0119 tat\u0105\"}]},{\"@type\":\"WebSite\",\"@id\":\"https:\/\/verloskundigenpraktijk-astrea-venlo-blerick.nl\/pl\/#website\",\"url\":\"https:\/\/verloskundigenpraktijk-astrea-venlo-blerick.nl\/pl\/\",\"name\":\"Astrea\",\"description\":\"Verloskundige zorg\",\"potentialAction\":[{\"@type\":\"SearchAction\",\"target\":{\"@type\":\"EntryPoint\",\"urlTemplate\":\"https:\/\/verloskundigenpraktijk-astrea-venlo-blerick.nl\/pl\/?s={search_term_string}\"},\"query-input\":{\"@type\":\"PropertyValueSpecification\",\"valueRequired\":true,\"valueName\":\"search_term_string\"}}],\"inLanguage\":\"pl-PL\"}]}<\/script>\n<!-- \/ Yoast SEO plugin. -->","yoast_head_json":{"title":"B\u0119d\u0119 tat\u0105 - Astrea","robots":{"index":"index","follow":"follow","max-snippet":"max-snippet:-1","max-image-preview":"max-image-preview:large","max-video-preview":"max-video-preview:-1"},"canonical":"https:\/\/verloskundigenpraktijk-astrea-venlo-blerick.nl\/pl\/ciaza\/bede-tata\/","og_locale":"pl_PL","og_type":"article","og_title":"B\u0119d\u0119 tat\u0105 - Astrea","og_url":"https:\/\/verloskundigenpraktijk-astrea-venlo-blerick.nl\/pl\/ciaza\/bede-tata\/","og_site_name":"Astrea","twitter_card":"summary_large_image","schema":{"@context":"https:\/\/schema.org","@graph":[{"@type":"WebPage","@id":"https:\/\/verloskundigenpraktijk-astrea-venlo-blerick.nl\/pl\/ciaza\/bede-tata\/","url":"https:\/\/verloskundigenpraktijk-astrea-venlo-blerick.nl\/pl\/ciaza\/bede-tata\/","name":"B\u0119d\u0119 tat\u0105 - Astrea","isPartOf":{"@id":"https:\/\/verloskundigenpraktijk-astrea-venlo-blerick.nl\/pl\/#website"},"datePublished":"2021-09-01T12:01:47+00:00","breadcrumb":{"@id":"https:\/\/verloskundigenpraktijk-astrea-venlo-blerick.nl\/pl\/ciaza\/bede-tata\/#breadcrumb"},"inLanguage":"pl-PL","potentialAction":[{"@type":"ReadAction","target":["https:\/\/verloskundigenpraktijk-astrea-venlo-blerick.nl\/pl\/ciaza\/bede-tata\/"]}]},{"@type":"BreadcrumbList","@id":"https:\/\/verloskundigenpraktijk-astrea-venlo-blerick.nl\/pl\/ciaza\/bede-tata\/#breadcrumb","itemListElement":[{"@type":"ListItem","position":1,"name":"Home","item":"https:\/\/verloskundigenpraktijk-astrea-venlo-blerick.nl\/pl\/"},{"@type":"ListItem","position":2,"name":"Ci\u0105\u017ca","item":"https:\/\/verloskundigenpraktijk-astrea-venlo-blerick.nl\/pl\/ciaza\/"},{"@type":"ListItem","position":3,"name":"B\u0119d\u0119 tat\u0105"}]},{"@type":"WebSite","@id":"https:\/\/verloskundigenpraktijk-astrea-venlo-blerick.nl\/pl\/#website","url":"https:\/\/verloskundigenpraktijk-astrea-venlo-blerick.nl\/pl\/","name":"Astrea","description":"Verloskundige zorg","potentialAction":[{"@type":"SearchAction","target":{"@type":"EntryPoint","urlTemplate":"https:\/\/verloskundigenpraktijk-astrea-venlo-blerick.nl\/pl\/?s={search_term_string}"},"query-input":{"@type":"PropertyValueSpecification","valueRequired":true,"valueName":"search_term_string"}}],"inLanguage":"pl-PL"}]}},"_links":{"self":[{"href":"https:\/\/verloskundigenpraktijk-astrea-venlo-blerick.nl\/pl\/wp-json\/wp\/v2\/pages\/1492","targetHints":{"allow":["GET"]}}],"collection":[{"href":"https:\/\/verloskundigenpraktijk-astrea-venlo-blerick.nl\/pl\/wp-json\/wp\/v2\/pages"}],"about":[{"href":"https:\/\/verloskundigenpraktijk-astrea-venlo-blerick.nl\/pl\/wp-json\/wp\/v2\/types\/page"}],"author":[{"embeddable":true,"href":"https:\/\/verloskundigenpraktijk-astrea-venlo-blerick.nl\/pl\/wp-json\/wp\/v2\/users\/5"}],"replies":[{"embeddable":true,"href":"https:\/\/verloskundigenpraktijk-astrea-venlo-blerick.nl\/pl\/wp-json\/wp\/v2\/comments?post=1492"}],"version-history":[{"count":4,"href":"https:\/\/verloskundigenpraktijk-astrea-venlo-blerick.nl\/pl\/wp-json\/wp\/v2\/pages\/1492\/revisions"}],"predecessor-version":[{"id":1496,"href":"https:\/\/verloskundigenpraktijk-astrea-venlo-blerick.nl\/pl\/wp-json\/wp\/v2\/pages\/1492\/revisions\/1496"}],"up":[{"embeddable":true,"href":"https:\/\/verloskundigenpraktijk-astrea-venlo-blerick.nl\/pl\/wp-json\/wp\/v2\/pages\/1483"}],"wp:attachment":[{"href":"https:\/\/verloskundigenpraktijk-astrea-venlo-blerick.nl\/pl\/wp-json\/wp\/v2\/media?parent=1492"}],"curies":[{"name":"wp","href":"https:\/\/api.w.org\/{rel}","templated":true}]}}